{"id":14741,"date":"2025-02-11T12:00:08","date_gmt":"2025-02-11T11:00:08","guid":{"rendered":"https:\/\/www.staging.oliocentonze.com\/prodotto\/bottiglia-capri-050l-d-o-p-valle-del-belice\/"},"modified":"2026-04-06T19:19:12","modified_gmt":"2026-04-06T17:19:12","slug":"bottiglia-capri-050l-d-o-p-valle-del-belice","status":"publish","type":"product","link":"https:\/\/www.oliocentonze.com\/de\/prodotto\/bottiglia-capri-050l-d-o-p-valle-del-belice\/","title":{"rendered":"Centonze \u2013 Extra Natives Oliven\u00f6l \u2013 D.O.P. Valle del Belice \u2013 Capri Flasche 500ml"},"content":{"rendered":"","protected":false},"excerpt":{"rendered":"<ul>\n<li><img decoding=\"async\" class=\"alignnone wp-image-12955\" src=\"https:\/\/www.staging.oliocentonze.com\/wp-content\/uploads\/2025\/02\/asfafsas.png\" alt=\"\" width=\"20\" height=\"20\" \/> <strong data-start=\"34\" data-end=\"53\">Olivenvariet\u00e4t:<\/strong> Nocellara del Belice<\/li>\n<li><img decoding=\"async\" class=\"alignnone wp-image-12958\" src=\"https:\/\/www.staging.oliocentonze.com\/wp-content\/uploads\/2025\/02\/certtt.png\" alt=\"\" width=\"20\" height=\"20\" \/> <strong data-start=\"77\" data-end=\"96\">Zertifizierung:<\/strong><strong>\u00a0<\/strong><img decoding=\"async\" class=\"alignnone wp-image-12187\" src=\"https:\/\/www.staging.oliocentonze.com\/wp-content\/uploads\/2025\/02\/DOPEEEE.jpg\" alt=\"\" width=\"20\" height=\"20\" \/> D.O.P. Valle del Belice<\/li>\n<li><img loading=\"lazy\" decoding=\"async\" class=\"alignnone wp-image-12961\" src=\"https:\/\/www.staging.oliocentonze.com\/wp-content\/uploads\/2025\/02\/caadad.png\" alt=\"\" width=\"20\" height=\"20\" \/> <strong data-start=\"123\" data-end=\"137\">Erntejahr:<\/strong> 2025-2026<\/li>\n<li><strong><img loading=\"lazy\" decoding=\"async\" class=\"alignnone wp-image-13163\" src=\"https:\/\/www.staging.oliocentonze.com\/wp-content\/uploads\/2025\/02\/eyuu.png\" alt=\"\" width=\"20\" height=\"20\" \/>Aussehen:<\/strong>Intensive gr\u00fcne Farbe mit goldgelben Reflexen<\/li>\n<li><img loading=\"lazy\" decoding=\"async\" class=\"alignnone wp-image-13166\" src=\"https:\/\/www.staging.oliocentonze.com\/wp-content\/uploads\/2025\/02\/naso.png\" alt=\"\" width=\"20\" height=\"20\" \/> <strong>Aroma: <\/strong>W\u00fcrzig und krautig, klar und anhaltend<\/li>\n<li><img loading=\"lazy\" decoding=\"async\" class=\"alignnone wp-image-12964\" src=\"https:\/\/www.staging.oliocentonze.com\/wp-content\/uploads\/2025\/02\/abina.png\" alt=\"\" width=\"20\" height=\"20\" \/> <strong data-start=\"264\" data-end=\"278\">Geschmack:<\/strong> Mittlerisch intensiver fruchtiger Geschmack<\/li>\n<li><img loading=\"lazy\" decoding=\"async\" class=\"alignnone wp-image-12961\" src=\"https:\/\/www.staging.oliocentonze.com\/wp-content\/uploads\/2025\/02\/caadad.png\" alt=\"\" width=\"20\" height=\"20\" \/> <strong data-start=\"325\" data-end=\"341\">Haltbarkeit:<\/strong> 18 Monate ab Abf\u00fcllung<\/li>\n<\/ul>\n<p><b>Variet\u00e0 Olive: <u>Nocellara del Belice<\/u><\/b><\/p>\n<p>\u00d6l mit sehr hoher Dichte und Tr\u00fcbung. Intensive gr\u00fcne Farbe mit goldgelben Reflexen. W\u00fcrzig und krautig, klar und anhaltend. Mittlerisch intensiver fruchtiger Geschmack, rund und voll. Bitterkeit und Sch\u00e4rfe ausgewogen, mit einem Nachgeschmack von gr\u00fcnem Tomaten und Artischocke. Ideal f\u00fcr die Fischk\u00fcche, aber auch zu Suppen, wei\u00dfem Fleisch, K\u00e4se und allen Gerichten, die nat\u00fcrlich zubereitet werden<\/p>\n<p>&nbsp;<\/p>\n<p>&nbsp;<\/p>\n<p>&nbsp;<\/p>\n","protected":false},"featured_media":10156,"comment_status":"open","ping_status":"closed","template":"","meta":{"_acf_changed":false},"product_brand":[],"product_cat":[479,493,490,554],"product_tag":[],"class_list":{"0":"post-14741","1":"product","2":"type-product","3":"status-publish","4":"has-post-thumbnail","6":"product_cat-d-o-p-valle-del-belice-de","7":"product_cat-default-de","8":"product_cat-extra-natives-olivenol","9":"product_cat-natives-olivenoel-extra-ernte-25-26","10":"pa_confezione-karton-mit-6-flaschen_","11":"pa_confezione-verpackung-mit-1-flasche","13":"first","14":"instock","15":"taxable","16":"shipping-taxable","17":"purchasable","18":"product-type-variable"},"acf":[],"_links":{"self":[{"href":"https:\/\/www.oliocentonze.com\/de\/wp-json\/wp\/v2\/product\/14741","targetHints":{"allow":["GET"]}}],"collection":[{"href":"https:\/\/www.oliocentonze.com\/de\/wp-json\/wp\/v2\/product"}],"about":[{"href":"https:\/\/www.oliocentonze.com\/de\/wp-json\/wp\/v2\/types\/product"}],"replies":[{"embeddable":true,"href":"https:\/\/www.oliocentonze.com\/de\/wp-json\/wp\/v2\/comments?post=14741"}],"wp:featuredmedia":[{"embeddable":true,"href":"https:\/\/www.oliocentonze.com\/de\/wp-json\/wp\/v2\/media\/10156"}],"wp:attachment":[{"href":"https:\/\/www.oliocentonze.com\/de\/wp-json\/wp\/v2\/media?parent=14741"}],"wp:term":[{"taxonomy":"product_brand","embeddable":true,"href":"https:\/\/www.oliocentonze.com\/de\/wp-json\/wp\/v2\/product_brand?post=14741"},{"taxonomy":"product_cat","embeddable":true,"href":"https:\/\/www.oliocentonze.com\/de\/wp-json\/wp\/v2\/product_cat?post=14741"},{"taxonomy":"product_tag","embeddable":true,"href":"https:\/\/www.oliocentonze.com\/de\/wp-json\/wp\/v2\/product_tag?post=14741"}],"curies":[{"name":"wp","href":"https:\/\/api.w.org\/{rel}","templated":true}]}}