{"id":14777,"date":"2025-02-11T12:00:14","date_gmt":"2025-02-11T11:00:14","guid":{"rendered":"https:\/\/www.staging.oliocentonze.com\/prodotto\/latta-litografata-050l-biologico-agrigento\/"},"modified":"2025-12-03T19:42:37","modified_gmt":"2025-12-03T18:42:37","slug":"latta-litografata-050l-biologico-agrigento","status":"publish","type":"product","link":"https:\/\/www.oliocentonze.com\/de\/prodotto\/latta-litografata-050l-biologico-agrigento\/","title":{"rendered":"Centonze \u2013 Olio Extra Vergine di Oliva \u2013 Biologico \u2013 Latta Litografata Agrigento 500ml"},"content":{"rendered":"","protected":false},"excerpt":{"rendered":"<ul>\n<li><img decoding=\"async\" class=\"alignnone wp-image-12955\" src=\"https:\/\/www.staging.oliocentonze.com\/wp-content\/uploads\/2025\/02\/asfafsas.png\" alt=\"\" width=\"20\" height=\"20\" \/> <strong data-start=\"32\" data-end=\"51\">Olivenvariet\u00e4t:<\/strong> Nocellara del Belice<\/li>\n<li><img decoding=\"async\" class=\"alignnone wp-image-12958\" src=\"https:\/\/www.staging.oliocentonze.com\/wp-content\/uploads\/2025\/02\/certtt.png\" alt=\"\" width=\"20\" height=\"20\" \/> <strong data-start=\"75\" data-end=\"94\">Zertifizierung:<\/strong><strong>\u00a0<img decoding=\"async\" class=\"alignnone wp-image-13172 \" src=\"https:\/\/www.staging.oliocentonze.com\/wp-content\/uploads\/2025\/02\/aassad.png\" alt=\"\" width=\"20\" height=\"20\" \/> <\/strong>Bio<\/li>\n<li><img loading=\"lazy\" decoding=\"async\" class=\"alignnone wp-image-12961\" src=\"https:\/\/www.staging.oliocentonze.com\/wp-content\/uploads\/2025\/02\/caadad.png\" alt=\"\" width=\"20\" height=\"20\" \/> <strong data-start=\"101\" data-end=\"115\">Erntejahr:<\/strong> 2025-2026<\/li>\n<li><strong><img loading=\"lazy\" decoding=\"async\" class=\"alignnone wp-image-13163\" src=\"https:\/\/www.staging.oliocentonze.com\/wp-content\/uploads\/2025\/02\/eyuu.png\" alt=\"\" width=\"20\" height=\"20\" \/> <\/strong><strong data-start=\"128\" data-end=\"141\">Aussehen:<\/strong> Intensive gr\u00fcne Farbe mit goldgelben Reflexen<\/li>\n<li><img loading=\"lazy\" decoding=\"async\" class=\"alignnone wp-image-13166\" src=\"https:\/\/www.staging.oliocentonze.com\/wp-content\/uploads\/2025\/02\/naso.png\" alt=\"\" width=\"20\" height=\"20\" \/> <strong>Aroma: <\/strong>W\u00fcrzig und krautig, klar und anhaltend<\/li>\n<li><img loading=\"lazy\" decoding=\"async\" class=\"alignnone wp-image-12964\" src=\"https:\/\/www.staging.oliocentonze.com\/wp-content\/uploads\/2025\/02\/abina.png\" alt=\"\" width=\"20\" height=\"20\" \/> <strong>Geschmack: <\/strong>Mittlerisch fruchtiger Geschmack, rund und voll<\/li>\n<li><img loading=\"lazy\" decoding=\"async\" class=\"alignnone wp-image-12961\" src=\"https:\/\/www.staging.oliocentonze.com\/wp-content\/uploads\/2025\/02\/caadad.png\" alt=\"\" width=\"20\" height=\"20\" \/> <strong>Haltbarkeit: <\/strong>18 Monate ab Abf\u00fcllung<\/li>\n<\/ul>\n<p><strong data-start=\"350\" data-end=\"369\">Olivenvariet\u00e4t:<\/strong> Nocellara del Belice<\/p>\n<p>\u00d6l mit sehr hoher Dichte und Tr\u00fcbung. Intensive gr\u00fcne Farbe mit goldgelben Reflexen. W\u00fcrzig und krautig, klar und anhaltend. Mittlerisch fruchtiger Geschmack, rund und voll. Gro\u00dfes Gleichgewicht mit einem Nachgeschmack von Tomaten und s\u00fc\u00dfen Mandeln. Ideal f\u00fcr die Fischk\u00fcche, sowohl roh als auch gekocht, aber auch zu Linsensuppen, rotem Fleisch und allen Gerichten auf Gem\u00fcsebasis.<\/p>\n<p>&nbsp;<\/p>\n","protected":false},"featured_media":10715,"comment_status":"open","ping_status":"closed","template":"","meta":{"_acf_changed":false},"product_brand":[],"product_cat":[493,490,554,491],"product_tag":[],"class_list":{"0":"post-14777","1":"product","2":"type-product","3":"status-publish","4":"has-post-thumbnail","6":"product_cat-default-de","7":"product_cat-extra-natives-olivenol","8":"product_cat-natives-olivenoel-extra-ernte-25-26","9":"product_cat-organisches","10":"pa_confezione-karton-mit-12-zinn","11":"pa_confezione-karton-mit-6-zinn","12":"pa_confezione-verpackung-mit-1-zinn","13":"pa_confezione-verpackung-mit-2-zinn_","15":"first","16":"instock","17":"taxable","18":"shipping-taxable","19":"purchasable","20":"product-type-variable"},"acf":[],"_links":{"self":[{"href":"https:\/\/www.oliocentonze.com\/de\/wp-json\/wp\/v2\/product\/14777","targetHints":{"allow":["GET"]}}],"collection":[{"href":"https:\/\/www.oliocentonze.com\/de\/wp-json\/wp\/v2\/product"}],"about":[{"href":"https:\/\/www.oliocentonze.com\/de\/wp-json\/wp\/v2\/types\/product"}],"replies":[{"embeddable":true,"href":"https:\/\/www.oliocentonze.com\/de\/wp-json\/wp\/v2\/comments?post=14777"}],"wp:featuredmedia":[{"embeddable":true,"href":"https:\/\/www.oliocentonze.com\/de\/wp-json\/wp\/v2\/media\/10715"}],"wp:attachment":[{"href":"https:\/\/www.oliocentonze.com\/de\/wp-json\/wp\/v2\/media?parent=14777"}],"wp:term":[{"taxonomy":"product_brand","embeddable":true,"href":"https:\/\/www.oliocentonze.com\/de\/wp-json\/wp\/v2\/product_brand?post=14777"},{"taxonomy":"product_cat","embeddable":true,"href":"https:\/\/www.oliocentonze.com\/de\/wp-json\/wp\/v2\/product_cat?post=14777"},{"taxonomy":"product_tag","embeddable":true,"href":"https:\/\/www.oliocentonze.com\/de\/wp-json\/wp\/v2\/product_tag?post=14777"}],"curies":[{"name":"wp","href":"https:\/\/api.w.org\/{rel}","templated":true}]}}