{"id":14885,"date":"2025-02-11T12:00:16","date_gmt":"2025-02-11T11:00:16","guid":{"rendered":"https:\/\/www.staging.oliocentonze.com\/prodotto\/bottiglia-biolio-1l-i-g-p-sicilia-chiaro-di-luna\/"},"modified":"2026-01-14T12:22:31","modified_gmt":"2026-01-14T11:22:31","slug":"bottiglia-biolio-1l-i-g-p-sicilia-chiaro-di-luna","status":"publish","type":"product","link":"https:\/\/www.oliocentonze.com\/de\/prodotto\/bottiglia-biolio-1l-i-g-p-sicilia-chiaro-di-luna\/","title":{"rendered":"Centonze \u2013 Extra Natives Oliven\u00f6l \u2013 I.G.P. Sizilien Chiaro di Luna \u2013 Flasche 1 Liter"},"content":{"rendered":"","protected":false},"excerpt":{"rendered":"<ul>\n<li><img decoding=\"async\" class=\"alignnone wp-image-12955\" src=\"https:\/\/www.staging.oliocentonze.com\/wp-content\/uploads\/2025\/02\/asfafsas.png\" alt=\"\" width=\"20\" height=\"20\" \/> <strong data-start=\"32\" data-end=\"53\">Olivenvariet\u00e4ten:<\/strong> Nocellara del Belice, Cerasuola, Biancolilla<\/li>\n<li><img decoding=\"async\" class=\"alignnone wp-image-12958\" src=\"https:\/\/www.staging.oliocentonze.com\/wp-content\/uploads\/2025\/02\/certtt.png\" alt=\"\" width=\"20\" height=\"20\" \/> <strong>Zertifizierung: <img decoding=\"async\" class=\"alignnone wp-image-13175\" src=\"https:\/\/www.staging.oliocentonze.com\/wp-content\/uploads\/2025\/02\/gippi.png\" alt=\"\" width=\"20\" height=\"20\" \/><\/strong> I.G.P. Sizilien<\/li>\n<li><img loading=\"lazy\" decoding=\"async\" class=\"alignnone wp-image-12961\" src=\"https:\/\/www.staging.oliocentonze.com\/wp-content\/uploads\/2025\/02\/caadad.png\" alt=\"\" width=\"20\" height=\"20\" \/> <strong>Erntejahr: <\/strong>2025-2026<\/li>\n<li><strong><img loading=\"lazy\" decoding=\"async\" class=\"alignnone wp-image-13163\" src=\"https:\/\/www.staging.oliocentonze.com\/wp-content\/uploads\/2025\/02\/eyuu.png\" alt=\"\" width=\"20\" height=\"20\" \/> Aussehen: <\/strong>Intensive gr\u00fcne Farbe mit goldgelben Reflexen<\/li>\n<li><img loading=\"lazy\" decoding=\"async\" class=\"alignnone wp-image-13166\" src=\"https:\/\/www.staging.oliocentonze.com\/wp-content\/uploads\/2025\/02\/naso.png\" alt=\"\" width=\"20\" height=\"20\" \/> <strong>Aroma: <\/strong>W\u00fcrzig und krautig, klar und anhaltend<\/li>\n<li><img loading=\"lazy\" decoding=\"async\" class=\"alignnone wp-image-12964\" src=\"https:\/\/www.staging.oliocentonze.com\/wp-content\/uploads\/2025\/02\/abina.png\" alt=\"\" width=\"20\" height=\"20\" \/> <strong>Geschmack: <\/strong>Mittlerisch fruchtiger Geschmack, rund und voll<\/li>\n<li><img loading=\"lazy\" decoding=\"async\" class=\"alignnone wp-image-12961\" src=\"https:\/\/www.staging.oliocentonze.com\/wp-content\/uploads\/2025\/02\/caadad.png\" alt=\"\" width=\"20\" height=\"20\" \/> <strong>Haltbarkeit: <\/strong>18 Monate ab Abf\u00fcllung<\/li>\n<\/ul>\n<p><strong data-start=\"388\" data-end=\"409\">Olivenvariet\u00e4ten:<\/strong> Nocellara del Belice, Cerasuola, Biancolilla<\/p>\n<p>\u00d6l mit sehr hoher Dichte und Tr\u00fcbung. Intensive gr\u00fcne Farbe mit goldgelben Reflexen. W\u00fcrzig und krautig, klar und anhaltend. Mittlerisch fruchtiger Geschmack, rund und voll. Gro\u00dfes Gleichgewicht mit einem Nachgeschmack von Tomaten, Mandeln und Artischocken. Ideal f\u00fcr alle Fischgerichte, aber auch f\u00fcr Linsensuppen, rotes Fleisch, K\u00e4se und alle Gerichte auf Gem\u00fcsebasis.<\/p>\n<p>&nbsp;<\/p>\n","protected":false},"featured_media":10261,"comment_status":"open","ping_status":"closed","template":"","meta":{"_acf_changed":false},"product_brand":[],"product_cat":[493,490,480,482,554],"product_tag":[],"class_list":{"0":"post-14885","1":"product","2":"type-product","3":"status-publish","4":"has-post-thumbnail","6":"product_cat-default-de","7":"product_cat-extra-natives-olivenol","8":"product_cat-i-g-p-sizilien","9":"product_cat-nachtlese","10":"product_cat-natives-olivenoel-extra-ernte-25-26","11":"pa_confezione-karton-mit-6-flaschen_","12":"pa_confezione-verpackung-mit-1-flasche","14":"first","15":"instock","16":"taxable","17":"shipping-taxable","18":"purchasable","19":"product-type-variable"},"acf":[],"_links":{"self":[{"href":"https:\/\/www.oliocentonze.com\/de\/wp-json\/wp\/v2\/product\/14885","targetHints":{"allow":["GET"]}}],"collection":[{"href":"https:\/\/www.oliocentonze.com\/de\/wp-json\/wp\/v2\/product"}],"about":[{"href":"https:\/\/www.oliocentonze.com\/de\/wp-json\/wp\/v2\/types\/product"}],"replies":[{"embeddable":true,"href":"https:\/\/www.oliocentonze.com\/de\/wp-json\/wp\/v2\/comments?post=14885"}],"wp:featuredmedia":[{"embeddable":true,"href":"https:\/\/www.oliocentonze.com\/de\/wp-json\/wp\/v2\/media\/10261"}],"wp:attachment":[{"href":"https:\/\/www.oliocentonze.com\/de\/wp-json\/wp\/v2\/media?parent=14885"}],"wp:term":[{"taxonomy":"product_brand","embeddable":true,"href":"https:\/\/www.oliocentonze.com\/de\/wp-json\/wp\/v2\/product_brand?post=14885"},{"taxonomy":"product_cat","embeddable":true,"href":"https:\/\/www.oliocentonze.com\/de\/wp-json\/wp\/v2\/product_cat?post=14885"},{"taxonomy":"product_tag","embeddable":true,"href":"https:\/\/www.oliocentonze.com\/de\/wp-json\/wp\/v2\/product_tag?post=14885"}],"curies":[{"name":"wp","href":"https:\/\/api.w.org\/{rel}","templated":true}]}}