{"id":14942,"date":"2025-02-11T12:00:09","date_gmt":"2025-02-11T11:00:09","guid":{"rendered":"https:\/\/www.staging.oliocentonze.com\/prodotto\/bottiglia-biolio-1l-riserva-blend\/"},"modified":"2025-12-16T16:05:32","modified_gmt":"2025-12-16T15:05:32","slug":"bottiglia-biolio-1l-riserva-blend","status":"publish","type":"product","link":"https:\/\/www.oliocentonze.com\/de\/prodotto\/bottiglia-biolio-1l-riserva-blend\/","title":{"rendered":"Centonze \u2013 Extra Natives Oliven\u00f6l \u2013 Riserva Blend \u2013 Biolio Flasche 1 Liter"},"content":{"rendered":"","protected":false},"excerpt":{"rendered":"<ul>\n<li><img decoding=\"async\" class=\"alignnone wp-image-12955\" src=\"https:\/\/www.staging.oliocentonze.com\/wp-content\/uploads\/2025\/02\/asfafsas.png\" alt=\"\" width=\"20\" height=\"20\" \/> <strong data-start=\"32\" data-end=\"48\">Olivenarten:<\/strong> Nocellara del Belice, Cerasuola, Biancolilla<\/li>\n<li><img decoding=\"async\" class=\"alignnone wp-image-12961\" src=\"https:\/\/www.staging.oliocentonze.com\/wp-content\/uploads\/2025\/02\/caadad.png\" alt=\"\" width=\"20\" height=\"20\" \/> <strong data-start=\"96\" data-end=\"110\">Erntejahr:<\/strong> 2025-2026<\/li>\n<li><strong><img decoding=\"async\" class=\"alignnone wp-image-13163\" src=\"https:\/\/www.staging.oliocentonze.com\/wp-content\/uploads\/2025\/02\/eyuu.png\" alt=\"\" width=\"20\" height=\"20\" \/> Aussehen: <\/strong>Intensives Gr\u00fcn mit goldgelben Reflexen<\/li>\n<li><img loading=\"lazy\" decoding=\"async\" class=\"alignnone wp-image-13166\" src=\"https:\/\/www.staging.oliocentonze.com\/wp-content\/uploads\/2025\/02\/naso.png\" alt=\"\" width=\"20\" height=\"20\" \/> <strong>Aroma: <\/strong>W\u00fcrzig und grasig, klar und anhaltend<\/li>\n<li><img loading=\"lazy\" decoding=\"async\" class=\"alignnone wp-image-12964\" src=\"https:\/\/www.staging.oliocentonze.com\/wp-content\/uploads\/2025\/02\/abina.png\" alt=\"\" width=\"20\" height=\"20\" \/> <strong>Geschmack: <\/strong>Mittel-leichter fruchtiger Geschmack<\/li>\n<li><img decoding=\"async\" class=\"alignnone wp-image-12961\" src=\"https:\/\/www.staging.oliocentonze.com\/wp-content\/uploads\/2025\/02\/caadad.png\" alt=\"\" width=\"20\" height=\"20\" \/> <strong>Verfallsdatum: <\/strong>18 Monate nach Abf\u00fcllung<\/li>\n<\/ul>\n<p data-start=\"329\" data-end=\"403\"><strong data-start=\"329\" data-end=\"345\">Olivenarten:<\/strong> Mischung aus Nocellara del Belice, Cerasuola, Biancolilla<\/p>\n<p data-start=\"405\" data-end=\"781\" data-is-last-node=\"\" data-is-only-node=\"\">W\u00fcrzig und grasig, klar und anhaltend. Mittel-leichter, runder und voller fruchtiger Geschmack. Gro\u00dfartiges Gleichgewicht mit einem Nachgeschmack von Tomaten, Mandeln und Artischocken. Ideal zu allen Fischgerichten, aber auch zu H\u00fclsenfr\u00fcchtesuppen, rotem Fleisch, K\u00e4se und allen Gerichten auf Gem\u00fcsebasis.<\/p>\n","protected":false},"featured_media":10186,"comment_status":"open","ping_status":"closed","template":"","meta":{"_acf_changed":false},"product_brand":[],"product_cat":[493,490,554,483],"product_tag":[],"class_list":{"0":"post-14942","1":"product","2":"type-product","3":"status-publish","4":"has-post-thumbnail","6":"product_cat-default-de","7":"product_cat-extra-natives-olivenol","8":"product_cat-natives-olivenoel-extra-ernte-25-26","9":"product_cat-riserva-blend-de-2","10":"pa_confezione-karton-mit-6-flaschen_","11":"pa_confezione-verpackung-mit-1-flasche","13":"first","14":"instock","15":"taxable","16":"shipping-taxable","17":"purchasable","18":"product-type-variable"},"acf":[],"_links":{"self":[{"href":"https:\/\/www.oliocentonze.com\/de\/wp-json\/wp\/v2\/product\/14942","targetHints":{"allow":["GET"]}}],"collection":[{"href":"https:\/\/www.oliocentonze.com\/de\/wp-json\/wp\/v2\/product"}],"about":[{"href":"https:\/\/www.oliocentonze.com\/de\/wp-json\/wp\/v2\/types\/product"}],"replies":[{"embeddable":true,"href":"https:\/\/www.oliocentonze.com\/de\/wp-json\/wp\/v2\/comments?post=14942"}],"wp:featuredmedia":[{"embeddable":true,"href":"https:\/\/www.oliocentonze.com\/de\/wp-json\/wp\/v2\/media\/10186"}],"wp:attachment":[{"href":"https:\/\/www.oliocentonze.com\/de\/wp-json\/wp\/v2\/media?parent=14942"}],"wp:term":[{"taxonomy":"product_brand","embeddable":true,"href":"https:\/\/www.oliocentonze.com\/de\/wp-json\/wp\/v2\/product_brand?post=14942"},{"taxonomy":"product_cat","embeddable":true,"href":"https:\/\/www.oliocentonze.com\/de\/wp-json\/wp\/v2\/product_cat?post=14942"},{"taxonomy":"product_tag","embeddable":true,"href":"https:\/\/www.oliocentonze.com\/de\/wp-json\/wp\/v2\/product_tag?post=14942"}],"curies":[{"name":"wp","href":"https:\/\/api.w.org\/{rel}","templated":true}]}}