{"id":14997,"date":"2025-02-11T12:00:25","date_gmt":"2025-02-11T11:00:25","guid":{"rendered":"https:\/\/www.staging.oliocentonze.com\/prodotto\/bottiglia-fangotto-050l-igp-puledrino\/"},"modified":"2025-03-19T10:32:33","modified_gmt":"2025-03-19T09:32:33","slug":"bottiglia-fangotto-050l-igp-puledrino","status":"publish","type":"product","link":"https:\/\/www.oliocentonze.com\/de\/prodotto\/bottiglia-fangotto-050l-igp-puledrino\/","title":{"rendered":"Centonze \u2013 Extra Natives Oliven\u00f6l \u2013 I.G.P. Sizilien \u2013 Fangotto Puledrino Flasche 500ml"},"content":{"rendered":"","protected":false},"excerpt":{"rendered":"<p style=\"text-align: justify;\">Die Geschichte der Herstellung der Fangotti hat antike Wurzeln und verliert sich im Laufe der Zeit. Es wird erz\u00e4hlt, dass dieses besondere Keramikst\u00fcck erstmals in Caltagirone hergestellt wurde, wo die Bewohner sehr geschickt darin waren, Ton zu bearbeiten, um n\u00fctzliche Gegenst\u00e4nde f\u00fcr den Alltag zu schaffen. Im Laufe der Zeit wurden die Fangotti immer beliebter und begannen auch au\u00dferhalb der Stadt Caltagirone verwendet zu werden, sodass sie schnell in ganz Sizilien bekannt wurden.<\/p>\n<p style=\"margin: 10px 0px 0px 0px; vertical-align: 20%; font-weight: 900;\"><img decoding=\"async\" style=\"vertical-align: -5px;\" src=\"https:\/\/shop.oliocentonze.com\/ecommerce\/img\/cms\/miniigp.png\" alt=\"miniigp.png\" width=\"19\" height=\"19\" \/>\u00a0 INHALT | I.G.P. Oliven\u00f6l Sizilien \u2013 Nocellara del Belice, Cerasuola, Biancolilla<\/p>\n<p style=\"margin: 10px 0px 0px 0px; vertical-align: 20%; font-weight: 900;\"><img decoding=\"async\" style=\"vertical-align: -5px;\" src=\"https:\/\/shop.oliocentonze.com\/ecommerce\/img\/cms\/hand.png\" alt=\"hand.png\" width=\"19\" height=\"19\" \/>\u00a0 VERPACKUNG | Handgefertigt in Caltagirone<\/p>\n<p style=\"margin: 10px 0px 0px 0px; vertical-align: 20%; font-weight: 900;\">\n","protected":false},"featured_media":10375,"comment_status":"open","ping_status":"closed","template":"","meta":{"_acf_changed":false},"product_brand":[],"product_cat":[475,493,490,477],"product_tag":[],"class_list":{"0":"post-14997","1":"product","2":"type-product","3":"status-publish","4":"has-post-thumbnail","6":"product_cat-caltagirone-keramik","7":"product_cat-default-de","8":"product_cat-extra-natives-olivenol","9":"product_cat-fangotti-sicilia-kollektion","10":"pa_confezione-karton-mit-6-flaschen_","11":"pa_confezione-verpackung-mit-1-flasche","13":"first","14":"outofstock","15":"taxable","16":"shipping-taxable","17":"purchasable","18":"product-type-variable"},"acf":[],"_links":{"self":[{"href":"https:\/\/www.oliocentonze.com\/de\/wp-json\/wp\/v2\/product\/14997","targetHints":{"allow":["GET"]}}],"collection":[{"href":"https:\/\/www.oliocentonze.com\/de\/wp-json\/wp\/v2\/product"}],"about":[{"href":"https:\/\/www.oliocentonze.com\/de\/wp-json\/wp\/v2\/types\/product"}],"replies":[{"embeddable":true,"href":"https:\/\/www.oliocentonze.com\/de\/wp-json\/wp\/v2\/comments?post=14997"}],"wp:featuredmedia":[{"embeddable":true,"href":"https:\/\/www.oliocentonze.com\/de\/wp-json\/wp\/v2\/media\/10375"}],"wp:attachment":[{"href":"https:\/\/www.oliocentonze.com\/de\/wp-json\/wp\/v2\/media?parent=14997"}],"wp:term":[{"taxonomy":"product_brand","embeddable":true,"href":"https:\/\/www.oliocentonze.com\/de\/wp-json\/wp\/v2\/product_brand?post=14997"},{"taxonomy":"product_cat","embeddable":true,"href":"https:\/\/www.oliocentonze.com\/de\/wp-json\/wp\/v2\/product_cat?post=14997"},{"taxonomy":"product_tag","embeddable":true,"href":"https:\/\/www.oliocentonze.com\/de\/wp-json\/wp\/v2\/product_tag?post=14997"}],"curies":[{"name":"wp","href":"https:\/\/api.w.org\/{rel}","templated":true}]}}