{"id":15021,"date":"2025-02-11T12:00:24","date_gmt":"2025-02-11T11:00:24","guid":{"rendered":"https:\/\/www.staging.oliocentonze.com\/prodotto\/bottiglia-barocco-050l-bio-golden-sun\/"},"modified":"2025-03-19T10:32:18","modified_gmt":"2025-03-19T09:32:18","slug":"bottiglia-barocco-050l-bio-golden-sun","status":"publish","type":"product","link":"https:\/\/www.oliocentonze.com\/de\/prodotto\/bottiglia-barocco-050l-bio-golden-sun\/","title":{"rendered":"Centonze \u2013 Extra Natives Oliven\u00f6l \u2013 Bio \u2013 Barocco Golden Sun Flasche 500ml"},"content":{"rendered":"","protected":false},"excerpt":{"rendered":"<p data-start=\"32\" data-end=\"376\">W\u00e4hrend des Barockzeitalters wurde Caltagirone bekannt f\u00fcr die Produktion von Ziegeln aus Keramik, die Majoliken genannt wurden, verziert mit floralen und geometrischen Mustern. Die caltagironesischen Keramiker waren sehr geschickt darin, ausgekl\u00fcgelte Formen und Designs zu schaffen, indem sie verschiedene Dekorationstechniken anwendeten.<\/p>\n<p data-start=\"378\" data-end=\"664\">Die Majoliken von Caltagirone wurden wegen ihrer Sch\u00f6nheit und Haltbarkeit sehr gesch\u00e4tzt und waren ein wichtiges dekoratives Element f\u00fcr alle sizilianischen H\u00e4user. Sie wurden verwendet, um Fests\u00e4le, T\u00fcrb\u00f6gen und sogar die Au\u00dfenfassaden der Geb\u00e4ude der damaligen Zeit zu schm\u00fccken.<\/p>\n<p style=\"margin: 10px 0px 0px 0px; vertical-align: 20%; font-weight: 900;\"><img decoding=\"async\" style=\"vertical-align: -5px;\" src=\"https:\/\/shop.oliocentonze.com\/ecommerce\/img\/cms\/bio30.png\" alt=\"\" width=\"19\" height=\"19\" \/>\u00a0 INHALT | Biologisches Oliven\u00f6l, Monokultivar Nocellara del Belice<\/p>\n<p style=\"margin: 10px 0px 0px 0px; vertical-align: 20%; font-weight: 900;\"><img decoding=\"async\" style=\"vertical-align: -5px;\" src=\"https:\/\/shop.oliocentonze.com\/ecommerce\/img\/cms\/hand.png\" alt=\"hand.png\" width=\"19\" height=\"19\" \/>\u00a0 VERPACKUNG | Handgefertigt in Caltagirone<\/p>\n<p style=\"margin: 10px 0px 0px 0px; vertical-align: 20%; font-weight: 900;\">\n","protected":false},"featured_media":10363,"comment_status":"open","ping_status":"closed","template":"","meta":{"_acf_changed":false},"product_brand":[],"product_cat":[476,475,490,554],"product_tag":[],"class_list":{"0":"post-15021","1":"product","2":"type-product","3":"status-publish","4":"has-post-thumbnail","6":"product_cat-barocco-luxury-kollektion","7":"product_cat-caltagirone-keramik","8":"product_cat-extra-natives-olivenol","9":"product_cat-natives-olivenoel-extra-ernte-25-26","10":"pa_confezione-karton-mit-6-flaschen_","11":"pa_confezione-verpackung-mit-1-flasche","13":"first","14":"instock","15":"taxable","16":"shipping-taxable","17":"purchasable","18":"product-type-variable"},"acf":[],"_links":{"self":[{"href":"https:\/\/www.oliocentonze.com\/de\/wp-json\/wp\/v2\/product\/15021","targetHints":{"allow":["GET"]}}],"collection":[{"href":"https:\/\/www.oliocentonze.com\/de\/wp-json\/wp\/v2\/product"}],"about":[{"href":"https:\/\/www.oliocentonze.com\/de\/wp-json\/wp\/v2\/types\/product"}],"replies":[{"embeddable":true,"href":"https:\/\/www.oliocentonze.com\/de\/wp-json\/wp\/v2\/comments?post=15021"}],"wp:featuredmedia":[{"embeddable":true,"href":"https:\/\/www.oliocentonze.com\/de\/wp-json\/wp\/v2\/media\/10363"}],"wp:attachment":[{"href":"https:\/\/www.oliocentonze.com\/de\/wp-json\/wp\/v2\/media?parent=15021"}],"wp:term":[{"taxonomy":"product_brand","embeddable":true,"href":"https:\/\/www.oliocentonze.com\/de\/wp-json\/wp\/v2\/product_brand?post=15021"},{"taxonomy":"product_cat","embeddable":true,"href":"https:\/\/www.oliocentonze.com\/de\/wp-json\/wp\/v2\/product_cat?post=15021"},{"taxonomy":"product_tag","embeddable":true,"href":"https:\/\/www.oliocentonze.com\/de\/wp-json\/wp\/v2\/product_tag?post=15021"}],"curies":[{"name":"wp","href":"https:\/\/api.w.org\/{rel}","templated":true}]}}