{"id":15043,"date":"2025-02-11T12:00:38","date_gmt":"2025-02-11T11:00:38","guid":{"rendered":"https:\/\/www.staging.oliocentonze.com\/prodotto\/amaro-alle-bucce-di-arancia-bott-capri-050l\/"},"modified":"2026-02-14T15:39:25","modified_gmt":"2026-02-14T14:39:25","slug":"amaro-alle-bucce-di-arancia-bott-capri-050l","status":"publish","type":"product","link":"https:\/\/www.oliocentonze.com\/de\/prodotto\/amaro-alle-bucce-di-arancia-bott-capri-050l\/","title":{"rendered":"Centonze \u2013 Amaro aus Orangenschalen \u2013 Capri Flasche 0,50L"},"content":{"rendered":"","protected":false},"excerpt":{"rendered":"<p>Aus einem alten Familienrezept stammt unser Lik\u00f6r aus Orangenschalen. Hervorragend als Digestif, kann er kalt nach dem Essen getrunken werden, aber aufgrund seiner besonderen Eigenschaften auch hei\u00df wie ein Punsch, zusammen mit einer Orangenschale oder Zitronenschale. Er eignet sich auch perfekt f\u00fcr die Mixologie als Zutat f\u00fcr Cocktails und Drinks. Wenn Sie ihn mit Tonic Water, Eis und einer Zitronenscheibe mischen, erhalten Sie ein sehr erfrischendes Getr\u00e4nk, das sich hervorragend als Aperitif eignet. Ein paar Schl\u00fccke gen\u00fcgen, um in ein einzigartiges Geschmackserlebnis entf\u00fchrt zu werden.<\/p>\n","protected":false},"featured_media":12364,"comment_status":"open","ping_status":"closed","template":"","meta":{"_acf_changed":false},"product_brand":[],"product_cat":[467,474],"product_tag":[],"class_list":{"0":"post-15043","1":"product","2":"type-product","3":"status-publish","4":"has-post-thumbnail","6":"product_cat-leckereien-aus-sizilien","7":"product_cat-weine-und-likore","8":"pa_confezione-karton-mit-6-flaschen","9":"pa_confezione-verpackung-mit-1-flasche","11":"first","12":"instock","13":"taxable","14":"shipping-taxable","15":"purchasable","16":"product-type-variable"},"acf":[],"_links":{"self":[{"href":"https:\/\/www.oliocentonze.com\/de\/wp-json\/wp\/v2\/product\/15043","targetHints":{"allow":["GET"]}}],"collection":[{"href":"https:\/\/www.oliocentonze.com\/de\/wp-json\/wp\/v2\/product"}],"about":[{"href":"https:\/\/www.oliocentonze.com\/de\/wp-json\/wp\/v2\/types\/product"}],"replies":[{"embeddable":true,"href":"https:\/\/www.oliocentonze.com\/de\/wp-json\/wp\/v2\/comments?post=15043"}],"wp:featuredmedia":[{"embeddable":true,"href":"https:\/\/www.oliocentonze.com\/de\/wp-json\/wp\/v2\/media\/12364"}],"wp:attachment":[{"href":"https:\/\/www.oliocentonze.com\/de\/wp-json\/wp\/v2\/media?parent=15043"}],"wp:term":[{"taxonomy":"product_brand","embeddable":true,"href":"https:\/\/www.oliocentonze.com\/de\/wp-json\/wp\/v2\/product_brand?post=15043"},{"taxonomy":"product_cat","embeddable":true,"href":"https:\/\/www.oliocentonze.com\/de\/wp-json\/wp\/v2\/product_cat?post=15043"},{"taxonomy":"product_tag","embeddable":true,"href":"https:\/\/www.oliocentonze.com\/de\/wp-json\/wp\/v2\/product_tag?post=15043"}],"curies":[{"name":"wp","href":"https:\/\/api.w.org\/{rel}","templated":true}]}}