{"id":15050,"date":"2025-02-11T12:00:38","date_gmt":"2025-02-11T11:00:38","guid":{"rendered":"https:\/\/www.staging.oliocentonze.com\/prodotto\/aceto-di-vino-e-zucchero-duva-bott-biolio-025l\/"},"modified":"2025-05-24T19:10:59","modified_gmt":"2025-05-24T17:10:59","slug":"aceto-di-vino-e-zucchero-duva-bott-biolio-025l","status":"publish","type":"product","link":"https:\/\/www.oliocentonze.com\/de\/prodotto\/aceto-di-vino-e-zucchero-duva-bott-biolio-025l\/","title":{"rendered":"Centonze \u2013 Essig aus Wein und Trazzucker \u2013 Biolio Flasche 0,25L"},"content":{"rendered":"","protected":false},"excerpt":{"rendered":"<p>Das Geheimnis unseres Wein- und Trazzuckeressigs ist einzig die Zeit. Die Reifung erfolgt in alten Familiendosen unter Verwendung nat\u00fcrlicher Zutaten und nur der besten Trauben. Unser Essig ist ein wahrer Verb\u00fcndeter f\u00fcr die Gesundheit, ohne Fette, mit wenig Alkohol und glutenfrei. Er wird durch den nat\u00fcrlichen Fermentationsprozess hergestellt, hat eine rubinrote Farbe und einen durchdringenden, aber feinen Duft. Der Geschmack ist weich, aber vollmundig. F\u00fcr wahre Kenner.<\/p>\n","protected":false},"featured_media":10516,"comment_status":"open","ping_status":"closed","template":"","meta":{"_acf_changed":false},"product_brand":[],"product_cat":[467,468],"product_tag":[],"class_list":{"0":"post-15050","1":"product","2":"type-product","3":"status-publish","4":"has-post-thumbnail","6":"product_cat-leckereien-aus-sizilien","7":"product_cat-weinessig","8":"pa_confezione-karton-mit-18-flaschen","9":"pa_confezione-karton-mit-6-flaschen_","10":"pa_confezione-verpackung-mit-1-flasche","11":"pa_confezione-verpackung-mit-3-flaschen","13":"first","14":"instock","15":"taxable","16":"shipping-taxable","17":"purchasable","18":"product-type-variable"},"acf":[],"_links":{"self":[{"href":"https:\/\/www.oliocentonze.com\/de\/wp-json\/wp\/v2\/product\/15050","targetHints":{"allow":["GET"]}}],"collection":[{"href":"https:\/\/www.oliocentonze.com\/de\/wp-json\/wp\/v2\/product"}],"about":[{"href":"https:\/\/www.oliocentonze.com\/de\/wp-json\/wp\/v2\/types\/product"}],"replies":[{"embeddable":true,"href":"https:\/\/www.oliocentonze.com\/de\/wp-json\/wp\/v2\/comments?post=15050"}],"wp:featuredmedia":[{"embeddable":true,"href":"https:\/\/www.oliocentonze.com\/de\/wp-json\/wp\/v2\/media\/10516"}],"wp:attachment":[{"href":"https:\/\/www.oliocentonze.com\/de\/wp-json\/wp\/v2\/media?parent=15050"}],"wp:term":[{"taxonomy":"product_brand","embeddable":true,"href":"https:\/\/www.oliocentonze.com\/de\/wp-json\/wp\/v2\/product_brand?post=15050"},{"taxonomy":"product_cat","embeddable":true,"href":"https:\/\/www.oliocentonze.com\/de\/wp-json\/wp\/v2\/product_cat?post=15050"},{"taxonomy":"product_tag","embeddable":true,"href":"https:\/\/www.oliocentonze.com\/de\/wp-json\/wp\/v2\/product_tag?post=15050"}],"curies":[{"name":"wp","href":"https:\/\/api.w.org\/{rel}","templated":true}]}}