{"id":15086,"date":"2025-02-11T12:00:36","date_gmt":"2025-02-11T11:00:36","guid":{"rendered":"https:\/\/www.staging.oliocentonze.com\/prodotto\/pate-di-pomodori-secchi-e-olive-in-vaso-180g\/"},"modified":"2026-04-12T16:13:47","modified_gmt":"2026-04-12T14:13:47","slug":"pate-di-pomodori-secchi-e-olive-in-vaso-180g","status":"publish","type":"product","link":"https:\/\/www.oliocentonze.com\/de\/prodotto\/pate-di-pomodori-secchi-e-olive-in-vaso-180g\/","title":{"rendered":"Centonze &#8211; Pat\u00e9 aus getrockneten Tomaten und Oliven &#8211; Glas 180g"},"content":{"rendered":"","protected":false},"excerpt":{"rendered":"<p class=\"MsoNormal\">Unser Pat\u00e9 aus getrockneten Tomaten und Oliven ist eine gebrauchsfertige Streichcreme mit einem leicht s\u00e4uerlichen Geschmack. Ideal f\u00fcr die Zubereitung von Bruschetta, Crostini und leckeren Vorspeisen. Es ist ein Konzentrat aus nat\u00fcrlich getrockneten Tomaten und Nocellara del Belice Oliven mit dem Zusatz von nativem Oliven\u00f6l Extra von Centonze. Es wird nach einem alten Familienrezept hergestellt, das seit Jahrzehnten im Hause Centonze weitergegeben wird. Das Ergebnis ist ein echtes und einfaches Produkt, das die Aromen Siziliens in sich vereint.<\/p>\n","protected":false},"featured_media":10477,"comment_status":"open","ping_status":"closed","template":"","meta":{"_acf_changed":false},"product_brand":[],"product_cat":[469,467],"product_tag":[],"class_list":{"0":"post-15086","1":"product","2":"type-product","3":"status-publish","4":"has-post-thumbnail","6":"product_cat-gewurze-und-vorspeisen","7":"product_cat-leckereien-aus-sizilien","8":"pa_confezione-karton-mit-18-pasteten","9":"pa_confezione-karton-mit-6-pate","10":"pa_confezione-verpackung-mit-1-pate","11":"pa_confezione-verpackung-mit-3-pasteten","13":"first","14":"instock","15":"taxable","16":"shipping-taxable","17":"purchasable","18":"product-type-variable"},"acf":[],"_links":{"self":[{"href":"https:\/\/www.oliocentonze.com\/de\/wp-json\/wp\/v2\/product\/15086","targetHints":{"allow":["GET"]}}],"collection":[{"href":"https:\/\/www.oliocentonze.com\/de\/wp-json\/wp\/v2\/product"}],"about":[{"href":"https:\/\/www.oliocentonze.com\/de\/wp-json\/wp\/v2\/types\/product"}],"replies":[{"embeddable":true,"href":"https:\/\/www.oliocentonze.com\/de\/wp-json\/wp\/v2\/comments?post=15086"}],"wp:featuredmedia":[{"embeddable":true,"href":"https:\/\/www.oliocentonze.com\/de\/wp-json\/wp\/v2\/media\/10477"}],"wp:attachment":[{"href":"https:\/\/www.oliocentonze.com\/de\/wp-json\/wp\/v2\/media?parent=15086"}],"wp:term":[{"taxonomy":"product_brand","embeddable":true,"href":"https:\/\/www.oliocentonze.com\/de\/wp-json\/wp\/v2\/product_brand?post=15086"},{"taxonomy":"product_cat","embeddable":true,"href":"https:\/\/www.oliocentonze.com\/de\/wp-json\/wp\/v2\/product_cat?post=15086"},{"taxonomy":"product_tag","embeddable":true,"href":"https:\/\/www.oliocentonze.com\/de\/wp-json\/wp\/v2\/product_tag?post=15086"}],"curies":[{"name":"wp","href":"https:\/\/api.w.org\/{rel}","templated":true}]}}