{"id":15092,"date":"2025-02-11T12:00:36","date_gmt":"2025-02-11T11:00:36","guid":{"rendered":"https:\/\/www.staging.oliocentonze.com\/prodotto\/vino-siciliano-rosato-bottiglia-750ml\/"},"modified":"2025-03-19T10:58:27","modified_gmt":"2025-03-19T09:58:27","slug":"vino-siciliano-rosato-bottiglia-750ml","status":"publish","type":"product","link":"https:\/\/www.oliocentonze.com\/de\/prodotto\/vino-siciliano-rosato-bottiglia-750ml\/","title":{"rendered":"Centonze &#8211; Sizilianischer Ros\u00e9wein &#8211; Flasche 750ml"},"content":{"rendered":"","protected":false},"excerpt":{"rendered":"<p>Der Centonze Rosato pr\u00e4sentiert sich in einer rosafarbenen Farbe, hat einen einh\u00fcllenden, w\u00fcrzigen Geschmack mit einer frischen S\u00e4ure und ist daher genau richtig tanninhaltig. In der Nase entfalten sich intensive, w\u00fcrzige Noten von Brombeere, Waldfr\u00fcchten und Erdbeere. Die Lese erfolgt Anfang September und die Weinbereitung durch Abbeeren und G\u00e4rung mit den Schalen in 6\/8 Tagen bei 23\u00b0\/25\u00b0 C. in Edelstahl. Perfekt als Aperitif, hervorragend zu Meeresfr\u00fcchten, Krustentieren und Fisch im Allgemeinen, besonders zu gegrillten Gerichten. Probieren Sie ihn zu Busiate mit Bottarga und zu Thunfischtartar mit Trapani-Salz.<\/p>\n","protected":false},"featured_media":10743,"comment_status":"open","ping_status":"closed","template":"","meta":{"_acf_changed":false},"product_brand":[],"product_cat":[467,474],"product_tag":[],"class_list":{"0":"post-15092","1":"product","2":"type-product","3":"status-publish","4":"has-post-thumbnail","6":"product_cat-leckereien-aus-sizilien","7":"product_cat-weine-und-likore","8":"pa_confezione-karton-mit-12-flaschen","9":"pa_confezione-karton-mit-6-flaschen_","10":"pa_confezione-verpackung-mit-1-flasche","11":"pa_confezione-verpackung-mit-2-flaschen","13":"first","14":"instock","15":"taxable","16":"shipping-taxable","17":"purchasable","18":"product-type-variable"},"acf":[],"_links":{"self":[{"href":"https:\/\/www.oliocentonze.com\/de\/wp-json\/wp\/v2\/product\/15092","targetHints":{"allow":["GET"]}}],"collection":[{"href":"https:\/\/www.oliocentonze.com\/de\/wp-json\/wp\/v2\/product"}],"about":[{"href":"https:\/\/www.oliocentonze.com\/de\/wp-json\/wp\/v2\/types\/product"}],"replies":[{"embeddable":true,"href":"https:\/\/www.oliocentonze.com\/de\/wp-json\/wp\/v2\/comments?post=15092"}],"wp:featuredmedia":[{"embeddable":true,"href":"https:\/\/www.oliocentonze.com\/de\/wp-json\/wp\/v2\/media\/10743"}],"wp:attachment":[{"href":"https:\/\/www.oliocentonze.com\/de\/wp-json\/wp\/v2\/media?parent=15092"}],"wp:term":[{"taxonomy":"product_brand","embeddable":true,"href":"https:\/\/www.oliocentonze.com\/de\/wp-json\/wp\/v2\/product_brand?post=15092"},{"taxonomy":"product_cat","embeddable":true,"href":"https:\/\/www.oliocentonze.com\/de\/wp-json\/wp\/v2\/product_cat?post=15092"},{"taxonomy":"product_tag","embeddable":true,"href":"https:\/\/www.oliocentonze.com\/de\/wp-json\/wp\/v2\/product_tag?post=15092"}],"curies":[{"name":"wp","href":"https:\/\/api.w.org\/{rel}","templated":true}]}}