{"id":15119,"date":"2025-02-11T12:00:34","date_gmt":"2025-02-11T11:00:34","guid":{"rendered":"https:\/\/www.staging.oliocentonze.com\/prodotto\/busiate-grano-antico-tumminia-in-busta-500g\/"},"modified":"2025-12-13T14:51:10","modified_gmt":"2025-12-13T13:51:10","slug":"busiate-grano-antico-tumminia-in-busta-500g","status":"publish","type":"product","link":"https:\/\/www.oliocentonze.com\/de\/prodotto\/busiate-grano-antico-tumminia-in-busta-500g\/","title":{"rendered":"Centonze &#8211; Busiate &#8211; Altes Getreide Tumminia &#8211; Beutel 500g"},"content":{"rendered":"","protected":false},"excerpt":{"rendered":"<p>Unsere Busiate aus sizilianischem Urgetreide der Sorte Tummin\u00eca sind von Natur aus Vollkorn. Sie werden durch Bronzeformen gezogen, was diese Pasta rau und por\u00f6s macht und sie somit perfekt macht, um sich mit jeder Zutat zu vermischen. Das Getreide wird langsam mit einem Stein gemahlen, um den Verlust seiner wertvollen N\u00e4hrstoffe zu vermeiden. Der manuelle und unregelm\u00e4\u00dfige Schnitt kennzeichnet die handwerkliche Verarbeitung. Die langsame Trocknung bei niedriger Temperatur tr\u00e4gt dazu bei, die N\u00e4hrwerteigenschaften unver\u00e4ndert zu erhalten. Geringer Glutengehalt, sehr niedriger glyk\u00e4mischer Index und eine hohe Verdaulichkeit machen sie zu einem gesunden und vollwertigen Lebensmittel.<\/p>\n","protected":false},"featured_media":10438,"comment_status":"open","ping_status":"closed","template":"","meta":{"_acf_changed":false},"product_brand":[],"product_cat":[467,472],"product_tag":[],"class_list":{"0":"post-15119","1":"product","2":"type-product","3":"status-publish","4":"has-post-thumbnail","6":"product_cat-leckereien-aus-sizilien","7":"product_cat-traditionelle-sizilianische-pasta","8":"pa_confezione-karton-mit-12-umschlagen","9":"pa_confezione-karton-mit-24-umschlagen","10":"pa_confezione-verpackung-mit-2-umschlagen","11":"pa_confezione-verpackung-mit-4-umschlagen","13":"first","14":"instock","15":"taxable","16":"shipping-taxable","17":"purchasable","18":"product-type-variable"},"acf":[],"_links":{"self":[{"href":"https:\/\/www.oliocentonze.com\/de\/wp-json\/wp\/v2\/product\/15119","targetHints":{"allow":["GET"]}}],"collection":[{"href":"https:\/\/www.oliocentonze.com\/de\/wp-json\/wp\/v2\/product"}],"about":[{"href":"https:\/\/www.oliocentonze.com\/de\/wp-json\/wp\/v2\/types\/product"}],"replies":[{"embeddable":true,"href":"https:\/\/www.oliocentonze.com\/de\/wp-json\/wp\/v2\/comments?post=15119"}],"wp:featuredmedia":[{"embeddable":true,"href":"https:\/\/www.oliocentonze.com\/de\/wp-json\/wp\/v2\/media\/10438"}],"wp:attachment":[{"href":"https:\/\/www.oliocentonze.com\/de\/wp-json\/wp\/v2\/media?parent=15119"}],"wp:term":[{"taxonomy":"product_brand","embeddable":true,"href":"https:\/\/www.oliocentonze.com\/de\/wp-json\/wp\/v2\/product_brand?post=15119"},{"taxonomy":"product_cat","embeddable":true,"href":"https:\/\/www.oliocentonze.com\/de\/wp-json\/wp\/v2\/product_cat?post=15119"},{"taxonomy":"product_tag","embeddable":true,"href":"https:\/\/www.oliocentonze.com\/de\/wp-json\/wp\/v2\/product_tag?post=15119"}],"curies":[{"name":"wp","href":"https:\/\/api.w.org\/{rel}","templated":true}]}}