{"id":15128,"date":"2025-02-11T12:00:34","date_gmt":"2025-02-11T11:00:34","guid":{"rendered":"https:\/\/www.staging.oliocentonze.com\/prodotto\/caponata-di-melanzane-in-vaso-280g\/"},"modified":"2026-04-04T19:17:00","modified_gmt":"2026-04-04T17:17:00","slug":"caponata-di-melanzane-in-vaso-280g","status":"publish","type":"product","link":"https:\/\/www.oliocentonze.com\/de\/prodotto\/caponata-di-melanzane-in-vaso-280g\/","title":{"rendered":"Centonze &#8211; Auberginen-Caponata &#8211; Glas 280g"},"content":{"rendered":"","protected":false},"excerpt":{"rendered":"<p><span class=\"ng-star-inserted\">Auberginen-Caponata ist ein Meisterwerk der sizilianischen K\u00fcche, das allein die Geschichte, den Reichtum und die D\u00fcfte der Insel in sich vereint. Sie wird nach traditioneller Art zubereitet, wobei eine Mischung aus in Centonze nativem Oliven\u00f6l extra gebratenem Gem\u00fcse mit vielen einfachen Zutaten kombiniert wird, die, gekonnt dosiert, uns Sizilien im Mund schenken, mit seinen unverwechselbaren Ger\u00fcchen und Geschm\u00e4ckern. Gebrauchsfertig, nach Belieben leicht erw\u00e4rmt, ist sie eine ideale Vorspeise, aber gleichzeitig eine sehr beliebte vegetarische Beilage f\u00fcr alle, die den Geschmack von S\u00fc\u00df-Sauer lieben.<\/span><\/p>\n","protected":false},"featured_media":10447,"comment_status":"open","ping_status":"closed","template":"","meta":{"_acf_changed":false},"product_brand":[],"product_cat":[469,467],"product_tag":[],"class_list":{"0":"post-15128","1":"product","2":"type-product","3":"status-publish","4":"has-post-thumbnail","6":"product_cat-gewurze-und-vorspeisen","7":"product_cat-leckereien-aus-sizilien","8":"pa_confezione-karton-mit-18-glasern","9":"pa_confezione-karton-mit-6-glasern","10":"pa_confezione-verpackung-mit-1-glasern","11":"pa_confezione-verpackung-mit-3-glasern_","13":"first","14":"instock","15":"taxable","16":"shipping-taxable","17":"purchasable","18":"product-type-variable"},"acf":[],"_links":{"self":[{"href":"https:\/\/www.oliocentonze.com\/de\/wp-json\/wp\/v2\/product\/15128","targetHints":{"allow":["GET"]}}],"collection":[{"href":"https:\/\/www.oliocentonze.com\/de\/wp-json\/wp\/v2\/product"}],"about":[{"href":"https:\/\/www.oliocentonze.com\/de\/wp-json\/wp\/v2\/types\/product"}],"replies":[{"embeddable":true,"href":"https:\/\/www.oliocentonze.com\/de\/wp-json\/wp\/v2\/comments?post=15128"}],"wp:featuredmedia":[{"embeddable":true,"href":"https:\/\/www.oliocentonze.com\/de\/wp-json\/wp\/v2\/media\/10447"}],"wp:attachment":[{"href":"https:\/\/www.oliocentonze.com\/de\/wp-json\/wp\/v2\/media?parent=15128"}],"wp:term":[{"taxonomy":"product_brand","embeddable":true,"href":"https:\/\/www.oliocentonze.com\/de\/wp-json\/wp\/v2\/product_brand?post=15128"},{"taxonomy":"product_cat","embeddable":true,"href":"https:\/\/www.oliocentonze.com\/de\/wp-json\/wp\/v2\/product_cat?post=15128"},{"taxonomy":"product_tag","embeddable":true,"href":"https:\/\/www.oliocentonze.com\/de\/wp-json\/wp\/v2\/product_tag?post=15128"}],"curies":[{"name":"wp","href":"https:\/\/api.w.org\/{rel}","templated":true}]}}