{"id":15131,"date":"2025-02-11T12:00:34","date_gmt":"2025-02-11T11:00:34","guid":{"rendered":"https:\/\/www.staging.oliocentonze.com\/prodotto\/pesto-siciliano-di-pistacchio-in-vaso-180g\/"},"modified":"2025-11-15T18:49:57","modified_gmt":"2025-11-15T17:49:57","slug":"pesto-siciliano-di-pistacchio-in-vaso-180g","status":"publish","type":"product","link":"https:\/\/www.oliocentonze.com\/de\/prodotto\/pesto-siciliano-di-pistacchio-in-vaso-180g\/","title":{"rendered":"Centonze &#8211; Sizilianisches Pistazienpesto &#8211; Glas 180g"},"content":{"rendered":"","protected":false},"excerpt":{"rendered":"<p>Das Pistazienpesto ist ein typisches W\u00fcrzmittel der sizilianischen K\u00fcche. F\u00fcr die Zubereitung werden die besten Rohstoffe unseres Landes verwendet, die nat\u00fcrlich durch unser natives Oliven\u00f6l Extra von Centonze zusammengehalten werden. Unser Pistazienpesto ist gebrauchsfertig, egal ob Sie duftende Bruschetta mit warmem Brot verfeinern oder es mit unseren Busiate aus Hartweizen genie\u00dfen m\u00f6chten. Erw\u00e4rmen Sie es einfach einige Minuten in einem Wasserbad in einer kleinen Pfanne, gie\u00dfen Sie die Pasta al dente ab und schwenken Sie sie eine weitere Minute in der Pfanne, indem Sie einen Schuss \u00d6l hinzuf\u00fcgen.<\/p>\n","protected":false},"featured_media":10450,"comment_status":"open","ping_status":"closed","template":"","meta":{"_acf_changed":false},"product_brand":[],"product_cat":[469,467],"product_tag":[],"class_list":{"0":"post-15131","1":"product","2":"type-product","3":"status-publish","4":"has-post-thumbnail","6":"product_cat-gewurze-und-vorspeisen","7":"product_cat-leckereien-aus-sizilien","8":"pa_confezione-karton-mit-18-glasern","9":"pa_confezione-karton-mit-6-glasern","10":"pa_confezione-verpackung-mit-1-glasern","11":"pa_confezione-verpackung-mit-3-glasern_","13":"first","14":"instock","15":"taxable","16":"shipping-taxable","17":"purchasable","18":"product-type-variable"},"acf":[],"_links":{"self":[{"href":"https:\/\/www.oliocentonze.com\/de\/wp-json\/wp\/v2\/product\/15131","targetHints":{"allow":["GET"]}}],"collection":[{"href":"https:\/\/www.oliocentonze.com\/de\/wp-json\/wp\/v2\/product"}],"about":[{"href":"https:\/\/www.oliocentonze.com\/de\/wp-json\/wp\/v2\/types\/product"}],"replies":[{"embeddable":true,"href":"https:\/\/www.oliocentonze.com\/de\/wp-json\/wp\/v2\/comments?post=15131"}],"wp:featuredmedia":[{"embeddable":true,"href":"https:\/\/www.oliocentonze.com\/de\/wp-json\/wp\/v2\/media\/10450"}],"wp:attachment":[{"href":"https:\/\/www.oliocentonze.com\/de\/wp-json\/wp\/v2\/media?parent=15131"}],"wp:term":[{"taxonomy":"product_brand","embeddable":true,"href":"https:\/\/www.oliocentonze.com\/de\/wp-json\/wp\/v2\/product_brand?post=15131"},{"taxonomy":"product_cat","embeddable":true,"href":"https:\/\/www.oliocentonze.com\/de\/wp-json\/wp\/v2\/product_cat?post=15131"},{"taxonomy":"product_tag","embeddable":true,"href":"https:\/\/www.oliocentonze.com\/de\/wp-json\/wp\/v2\/product_tag?post=15131"}],"curies":[{"name":"wp","href":"https:\/\/api.w.org\/{rel}","templated":true}]}}