{"id":15134,"date":"2025-02-11T12:00:34","date_gmt":"2025-02-11T11:00:34","guid":{"rendered":"https:\/\/www.staging.oliocentonze.com\/prodotto\/sugo-alla-norma-siciliano-in-vaso-280g\/"},"modified":"2025-07-15T14:05:37","modified_gmt":"2025-07-15T12:05:37","slug":"sugo-alla-norma-siciliano-in-vaso-280g","status":"publish","type":"product","link":"https:\/\/www.oliocentonze.com\/de\/prodotto\/sugo-alla-norma-siciliano-in-vaso-280g\/","title":{"rendered":"Centonze &#8211; Sizilianische Sugo alla Norma (So\u00dfe nach Norma Art) &#8211; Glas 280g"},"content":{"rendered":"","protected":false},"excerpt":{"rendered":"<p>Die Sugo alla Norma ist ein Gericht aus Catania. Diese So\u00dfe bringt die Aromen und D\u00fcfte Siziliens auf den Tisch, dank der sorgf\u00e4ltig ausgew\u00e4hlten Zutaten, die durch unser natives Oliven\u00f6l Extra von Centonze zusammengehalten werden. Es ist ein sehr einfaches Gericht, das Ihren Rezepten einen Hauch von Sizilien verleiht. Sein Geschmack hat jeden verf\u00fchrt, der sich auf der Insel befand oder ihn an den vier Ecken der Welt probiert hat. Gebrauchsfertig, es reicht, es einige Minuten im Wasserbad zu erw\u00e4rmen und es in der Pfanne mit unseren Mezze Maniche aus Hartweizen zu vermischen, nachdem man sie al dente abgegossen hat.<\/p>\n","protected":false},"featured_media":10453,"comment_status":"open","ping_status":"closed","template":"","meta":{"_acf_changed":false},"product_brand":[],"product_cat":[469,467],"product_tag":[],"class_list":{"0":"post-15134","1":"product","2":"type-product","3":"status-publish","4":"has-post-thumbnail","6":"product_cat-gewurze-und-vorspeisen","7":"product_cat-leckereien-aus-sizilien","8":"pa_confezione-karton-mit-18-glasern","9":"pa_confezione-karton-mit-6-glasern","10":"pa_confezione-verpackung-mit-1-glasern","11":"pa_confezione-verpackung-mit-3-glasern_","13":"first","14":"instock","15":"taxable","16":"shipping-taxable","17":"purchasable","18":"product-type-variable"},"acf":[],"_links":{"self":[{"href":"https:\/\/www.oliocentonze.com\/de\/wp-json\/wp\/v2\/product\/15134","targetHints":{"allow":["GET"]}}],"collection":[{"href":"https:\/\/www.oliocentonze.com\/de\/wp-json\/wp\/v2\/product"}],"about":[{"href":"https:\/\/www.oliocentonze.com\/de\/wp-json\/wp\/v2\/types\/product"}],"replies":[{"embeddable":true,"href":"https:\/\/www.oliocentonze.com\/de\/wp-json\/wp\/v2\/comments?post=15134"}],"wp:featuredmedia":[{"embeddable":true,"href":"https:\/\/www.oliocentonze.com\/de\/wp-json\/wp\/v2\/media\/10453"}],"wp:attachment":[{"href":"https:\/\/www.oliocentonze.com\/de\/wp-json\/wp\/v2\/media?parent=15134"}],"wp:term":[{"taxonomy":"product_brand","embeddable":true,"href":"https:\/\/www.oliocentonze.com\/de\/wp-json\/wp\/v2\/product_brand?post=15134"},{"taxonomy":"product_cat","embeddable":true,"href":"https:\/\/www.oliocentonze.com\/de\/wp-json\/wp\/v2\/product_cat?post=15134"},{"taxonomy":"product_tag","embeddable":true,"href":"https:\/\/www.oliocentonze.com\/de\/wp-json\/wp\/v2\/product_tag?post=15134"}],"curies":[{"name":"wp","href":"https:\/\/api.w.org\/{rel}","templated":true}]}}