{"id":15137,"date":"2025-02-11T12:00:33","date_gmt":"2025-02-11T11:00:33","guid":{"rendered":"https:\/\/www.staging.oliocentonze.com\/prodotto\/olive-nere-infornate-in-olio-evo-in-busta-500g\/"},"modified":"2026-01-09T23:12:02","modified_gmt":"2026-01-09T22:12:02","slug":"olive-nere-infornate-in-olio-evo-in-busta-500g","status":"publish","type":"product","link":"https:\/\/www.oliocentonze.com\/de\/prodotto\/olive-nere-infornate-in-olio-evo-in-busta-500g\/","title":{"rendered":"Centonze &#8211; Schwarz gebackene Oliven &#8211; Natives Oliven\u00f6l Extra &#8211; Beutel 500g"},"content":{"rendered":"","protected":false},"excerpt":{"rendered":"<p>Die Nocellara del Belice ist die einzige italienische Olive unter den \u00fcber 550 Sorten, die sich durch gleich zwei D.O.P.-Auszeichnungen auszeichnet, f\u00fcr \u00d6l und f\u00fcr den Verzehr, sie zeichnet sich durch ein optimales Verh\u00e4ltnis von Fruchtfleisch zu Kern und einen moderaten Zuckergehalt aus. Die Steinfrucht \u00e4hnelt einer Nuss und erreicht manchmal sehr gro\u00dfe Ausma\u00dfe, ihre Farbe ist ein intensives Gr\u00fcn, das sich mit der Reife in ein Weinrot verwandelt. Das knackige Fruchtfleisch und der leicht s\u00fc\u00dfsaure Geschmack machen sie zu einer wahren K\u00f6nigin unter den Tafelsorten. Getrocknet und verschrumpelt nach einer uralten, seit Generationen \u00fcberlieferten Methode, sind sie eine ausgezeichnete Beilage zu Brot, Pizza und Focaccia, aber auch ein sehr beliebter Aperitif.<\/p>\n","protected":false},"featured_media":10408,"comment_status":"open","ping_status":"closed","template":"","meta":{"_acf_changed":false},"product_brand":[],"product_cat":[467,471],"product_tag":[],"class_list":{"0":"post-15137","1":"product","2":"type-product","3":"status-publish","4":"has-post-thumbnail","6":"product_cat-leckereien-aus-sizilien","7":"product_cat-nocellara-oliven-aus-belice","8":"pa_confezione-cartone-da-6-beutel","9":"pa_confezione-karton-mit-18-umschlagen","10":"pa_confezione-verpackung-mit-1-beutel","11":"pa_confezione-verpackung-mit-3-umschlagen","13":"first","14":"instock","15":"taxable","16":"shipping-taxable","17":"purchasable","18":"product-type-variable"},"acf":[],"_links":{"self":[{"href":"https:\/\/www.oliocentonze.com\/de\/wp-json\/wp\/v2\/product\/15137","targetHints":{"allow":["GET"]}}],"collection":[{"href":"https:\/\/www.oliocentonze.com\/de\/wp-json\/wp\/v2\/product"}],"about":[{"href":"https:\/\/www.oliocentonze.com\/de\/wp-json\/wp\/v2\/types\/product"}],"replies":[{"embeddable":true,"href":"https:\/\/www.oliocentonze.com\/de\/wp-json\/wp\/v2\/comments?post=15137"}],"wp:featuredmedia":[{"embeddable":true,"href":"https:\/\/www.oliocentonze.com\/de\/wp-json\/wp\/v2\/media\/10408"}],"wp:attachment":[{"href":"https:\/\/www.oliocentonze.com\/de\/wp-json\/wp\/v2\/media?parent=15137"}],"wp:term":[{"taxonomy":"product_brand","embeddable":true,"href":"https:\/\/www.oliocentonze.com\/de\/wp-json\/wp\/v2\/product_brand?post=15137"},{"taxonomy":"product_cat","embeddable":true,"href":"https:\/\/www.oliocentonze.com\/de\/wp-json\/wp\/v2\/product_cat?post=15137"},{"taxonomy":"product_tag","embeddable":true,"href":"https:\/\/www.oliocentonze.com\/de\/wp-json\/wp\/v2\/product_tag?post=15137"}],"curies":[{"name":"wp","href":"https:\/\/api.w.org\/{rel}","templated":true}]}}