{"id":15161,"date":"2025-02-11T12:00:32","date_gmt":"2025-02-11T11:00:32","guid":{"rendered":"https:\/\/www.staging.oliocentonze.com\/prodotto\/olive-verdi-intere-in-salamoia-in-vaso-314ml\/"},"modified":"2026-02-18T20:52:52","modified_gmt":"2026-02-18T19:52:52","slug":"olive-verdi-intere-in-salamoia-in-vaso-314ml","status":"publish","type":"product","link":"https:\/\/www.oliocentonze.com\/de\/prodotto\/olive-verdi-intere-in-salamoia-in-vaso-314ml\/","title":{"rendered":"Centonze &#8211; Ganze Gr\u00fcne Oliven &#8211; Salzlake &#8211; Glas 314ml"},"content":{"rendered":"","protected":false},"excerpt":{"rendered":"<div class=\"model-prompt-container\" data-turn-role=\"Model\">\n<div class=\"turn-content\">\n<p class=\"ng-star-inserted\"><span class=\"ng-star-inserted\">Die Nocellara del Belice ist die einzige italienische Olive unter den \u00fcber 550 Sorten, die sich durch gleich zwei D.O.P.-Auszeichnungen auszeichnet, f\u00fcr \u00d6l und f\u00fcr den Verzehr, sie zeichnet sich durch ein optimales Verh\u00e4ltnis von Fruchtfleisch zu Kern und einen moderaten Zuckergehalt aus. Die Steinfrucht \u00e4hnelt einer Nuss und erreicht manchmal sehr gro\u00dfe Ausma\u00dfe, ihre Farbe ist ein intensives Gr\u00fcn, das sich mit der Reife in ein Weinrot verwandelt. Das knackige Fruchtfleisch und der leicht s\u00fc\u00dfsaure Geschmack machen sie zu einer wahren K\u00f6nigin unter den Tafelsorten. Sie werden Anfang Oktober von Hand geerntet und noch am selben Tag nach der Castelvetrano-Methode verarbeitet, die sie weltweit ber\u00fchmt gemacht hat. Sie sind der perfekte Aperitif!<\/span><\/p>\n<div class=\"turn-information ng-star-inserted\"><\/div>\n<\/div>\n<\/div>\n<div class=\"turn-footer\"><button class=\"mat-mdc-tooltip-trigger mdc-icon-button mat-mdc-icon-button mat-unthemed mat-mdc-button-base ng-star-inserted\" aria-label=\"Good response\">thumb_up<\/button><button class=\"mat-mdc-tooltip-trigger mdc-icon-button mat-mdc-icon-button mat-unthemed mat-mdc-button-base ng-star-inserted\" aria-label=\"Bad response\">thumb_down<\/button><\/div>\n","protected":false},"featured_media":10387,"comment_status":"open","ping_status":"closed","template":"","meta":{"_acf_changed":false},"product_brand":[],"product_cat":[467,471],"product_tag":[],"class_list":{"0":"post-15161","1":"product","2":"type-product","3":"status-publish","4":"has-post-thumbnail","6":"product_cat-leckereien-aus-sizilien","7":"product_cat-nocellara-oliven-aus-belice","8":"pa_confezione-karton-mit-18-glasern_","9":"pa_confezione-karton-mit-6-glasern","10":"pa_confezione-verpackung-mit-1-glasern","11":"pa_confezione-verpackung-mit-3-glasern","13":"first","14":"instock","15":"taxable","16":"shipping-taxable","17":"purchasable","18":"product-type-variable"},"acf":[],"_links":{"self":[{"href":"https:\/\/www.oliocentonze.com\/de\/wp-json\/wp\/v2\/product\/15161","targetHints":{"allow":["GET"]}}],"collection":[{"href":"https:\/\/www.oliocentonze.com\/de\/wp-json\/wp\/v2\/product"}],"about":[{"href":"https:\/\/www.oliocentonze.com\/de\/wp-json\/wp\/v2\/types\/product"}],"replies":[{"embeddable":true,"href":"https:\/\/www.oliocentonze.com\/de\/wp-json\/wp\/v2\/comments?post=15161"}],"wp:featuredmedia":[{"embeddable":true,"href":"https:\/\/www.oliocentonze.com\/de\/wp-json\/wp\/v2\/media\/10387"}],"wp:attachment":[{"href":"https:\/\/www.oliocentonze.com\/de\/wp-json\/wp\/v2\/media?parent=15161"}],"wp:term":[{"taxonomy":"product_brand","embeddable":true,"href":"https:\/\/www.oliocentonze.com\/de\/wp-json\/wp\/v2\/product_brand?post=15161"},{"taxonomy":"product_cat","embeddable":true,"href":"https:\/\/www.oliocentonze.com\/de\/wp-json\/wp\/v2\/product_cat?post=15161"},{"taxonomy":"product_tag","embeddable":true,"href":"https:\/\/www.oliocentonze.com\/de\/wp-json\/wp\/v2\/product_tag?post=15161"}],"curies":[{"name":"wp","href":"https:\/\/api.w.org\/{rel}","templated":true}]}}