{"id":15280,"date":"2025-02-11T12:00:41","date_gmt":"2025-02-11T11:00:41","guid":{"rendered":"https:\/\/www.staging.oliocentonze.com\/prodotto\/astuccio-in-pvc-oli-di-sicilia-bott-capri-3x020l\/"},"modified":"2025-03-19T12:03:27","modified_gmt":"2025-03-19T11:03:27","slug":"astuccio-in-pvc-oli-di-sicilia-bott-capri-3x020l","status":"publish","type":"product","link":"https:\/\/www.oliocentonze.com\/de\/prodotto\/astuccio-in-pvc-oli-di-sicilia-bott-capri-3x020l\/","title":{"rendered":"Centonze &#8211; PVC-Etui Oliven\u00f6le Siziliens Fl. Capri 3&#215;0,20L"},"content":{"rendered":"","protected":false},"excerpt":{"rendered":"<p data-sourcepos=\"1:1-2:8\">Einfaches PVC-Etui 3x200ml Capri-Flasche (Dop-Bio-Igp) Oliven\u00f6le Siziliens \u2013 Schlicht und platzsparend, dank der Transparenz kann der Empf\u00e4nger sofort die Kostbarkeit seines Inhalts erkennen. Jedes Etui enth\u00e4lt ein wundersch\u00f6nes Foto des Unternehmens Enth\u00e4lt:<\/p>\n<ul data-sourcepos=\"3:1-6:33\">\n<li data-sourcepos=\"3:1-3:47\">1x Capri Flasche 0,50L D.O.P Valle del Belice<\/li>\n<li data-sourcepos=\"4:1-4:28\">1x Capri Flasche 0,50L BIO<\/li>\n<li data-sourcepos=\"5:1-6:33\">1x Capri Flasche 0,50L I.G.P. Sizilien<\/li>\n<\/ul>\n","protected":false},"featured_media":10564,"comment_status":"open","ping_status":"closed","template":"","meta":{"_acf_changed":false},"product_brand":[],"product_cat":[484,488],"product_tag":[],"class_list":{"0":"post-15280","1":"product","2":"type-product","3":"status-publish","4":"has-post-thumbnail","6":"product_cat-geschenkideen","7":"product_cat-schmuckkastchen-und-etuis","8":"pa_confezione-karton-mit-6-schachteln","9":"pa_confezione-verpackung-mit-1-schachtel","11":"first","12":"instock","13":"taxable","14":"shipping-taxable","15":"purchasable","16":"product-type-variable"},"acf":[],"_links":{"self":[{"href":"https:\/\/www.oliocentonze.com\/de\/wp-json\/wp\/v2\/product\/15280","targetHints":{"allow":["GET"]}}],"collection":[{"href":"https:\/\/www.oliocentonze.com\/de\/wp-json\/wp\/v2\/product"}],"about":[{"href":"https:\/\/www.oliocentonze.com\/de\/wp-json\/wp\/v2\/types\/product"}],"replies":[{"embeddable":true,"href":"https:\/\/www.oliocentonze.com\/de\/wp-json\/wp\/v2\/comments?post=15280"}],"wp:featuredmedia":[{"embeddable":true,"href":"https:\/\/www.oliocentonze.com\/de\/wp-json\/wp\/v2\/media\/10564"}],"wp:attachment":[{"href":"https:\/\/www.oliocentonze.com\/de\/wp-json\/wp\/v2\/media?parent=15280"}],"wp:term":[{"taxonomy":"product_brand","embeddable":true,"href":"https:\/\/www.oliocentonze.com\/de\/wp-json\/wp\/v2\/product_brand?post=15280"},{"taxonomy":"product_cat","embeddable":true,"href":"https:\/\/www.oliocentonze.com\/de\/wp-json\/wp\/v2\/product_cat?post=15280"},{"taxonomy":"product_tag","embeddable":true,"href":"https:\/\/www.oliocentonze.com\/de\/wp-json\/wp\/v2\/product_tag?post=15280"}],"curies":[{"name":"wp","href":"https:\/\/api.w.org\/{rel}","templated":true}]}}