{"id":15331,"date":"2025-02-11T12:00:39","date_gmt":"2025-02-11T11:00:39","guid":{"rendered":"https:\/\/www.staging.oliocentonze.com\/prodotto\/olio-evo-aromatizzato-allarancia-spray-025l\/"},"modified":"2025-09-19T22:37:06","modified_gmt":"2025-09-19T20:37:06","slug":"olio-evo-aromatizzato-allarancia-spray-025l","status":"publish","type":"product","link":"https:\/\/www.oliocentonze.com\/de\/prodotto\/olio-evo-aromatizzato-allarancia-spray-025l\/","title":{"rendered":"Centonze &#8211; EVO-\u00d6l mit Orangenaroma &#8211; Spray 0,25L"},"content":{"rendered":"","protected":false},"excerpt":{"rendered":"<p><strong>Orangenaromatisiertes \u00d6l<\/strong> ist ein ideales Gew\u00fcrz f\u00fcr Gerichte f\u00fcr diejenigen, die ihrer K\u00fcche im Vergleich zu traditionellen Rezepten eine zus\u00e4tzliche Note verleihen m\u00f6chten. Sein Geschmack bringt das typische Aroma unserer lokalen Bio-Orangen in Kombination mit der Essenz von nativem Oliven\u00f6l extra zur\u00fcck zum Gaumen.<\/p>\n","protected":false},"featured_media":10525,"comment_status":"open","ping_status":"closed","template":"","meta":{"_acf_changed":false},"product_brand":[],"product_cat":[481],"product_tag":[],"class_list":{"0":"post-15331","1":"product","2":"type-product","3":"status-publish","4":"has-post-thumbnail","6":"product_cat-aromatisierte-ole-spray","7":"pa_confezione-karton-mit-12-flaschen-de","8":"pa_confezione-karton-mit-18-flaschen-de","9":"pa_confezione-karton-mit-6-flaschen-de","10":"pa_confezione-verpackung-mit-1-flaschen","11":"pa_confezione-verpackung-mit-2-flaschen-de-2","12":"pa_confezione-verpackung-mit-3-flaschen-de-2","14":"first","15":"instock","16":"taxable","17":"shipping-taxable","18":"purchasable","19":"product-type-variable"},"acf":[],"_links":{"self":[{"href":"https:\/\/www.oliocentonze.com\/de\/wp-json\/wp\/v2\/product\/15331","targetHints":{"allow":["GET"]}}],"collection":[{"href":"https:\/\/www.oliocentonze.com\/de\/wp-json\/wp\/v2\/product"}],"about":[{"href":"https:\/\/www.oliocentonze.com\/de\/wp-json\/wp\/v2\/types\/product"}],"replies":[{"embeddable":true,"href":"https:\/\/www.oliocentonze.com\/de\/wp-json\/wp\/v2\/comments?post=15331"}],"wp:featuredmedia":[{"embeddable":true,"href":"https:\/\/www.oliocentonze.com\/de\/wp-json\/wp\/v2\/media\/10525"}],"wp:attachment":[{"href":"https:\/\/www.oliocentonze.com\/de\/wp-json\/wp\/v2\/media?parent=15331"}],"wp:term":[{"taxonomy":"product_brand","embeddable":true,"href":"https:\/\/www.oliocentonze.com\/de\/wp-json\/wp\/v2\/product_brand?post=15331"},{"taxonomy":"product_cat","embeddable":true,"href":"https:\/\/www.oliocentonze.com\/de\/wp-json\/wp\/v2\/product_cat?post=15331"},{"taxonomy":"product_tag","embeddable":true,"href":"https:\/\/www.oliocentonze.com\/de\/wp-json\/wp\/v2\/product_tag?post=15331"}],"curies":[{"name":"wp","href":"https:\/\/api.w.org\/{rel}","templated":true}]}}